{"id":15,"date":"2012-12-03T14:10:18","date_gmt":"2012-12-03T13:10:18","guid":{"rendered":"http:\/\/wendling.ch\/wordpress\/?page_id=15"},"modified":"2024-12-31T15:57:07","modified_gmt":"2024-12-31T14:57:07","slug":"home","status":"publish","type":"page","link":"https:\/\/sgarm.ch\/wordpress\/","title":{"rendered":"Home"},"content":{"rendered":"<p><\/p>\n<h1 style=\"text-align: left;\"><span style=\"color: #33598e;\"><strong>Gesunde Mitarbeitende<br \/>\nin erfolgreichen Unternehmen<br \/>\n<\/strong><\/span><\/h1>\n<p><span style=\"color: #33598e;\">Unsere Vision<\/span><\/p>\n<p>Die SGARM ist der bedeutendste Partner f\u00fcr Arbeit und Gesundheit in der Schweiz.<\/p>\n<p><span style=\"color: #33598e;\">Unser Leitbild<\/span><\/p>\n<ul>\n<li>Die Arbeitsmedizin unterst\u00fctzt Arbeitnehmer und Arbeitgeber bei allen gesundheitlichen Themen in einer sich wandelnden Arbeitswelt.<\/li>\n<li>Die Arbeitsmedizin bietet medizinische Expertise f\u00fcr den Erhalt von Gesundheit und Besch\u00e4ftigungsf\u00e4higkeit.<\/li>\n<li>Die Arbeitsmedizin leistet einen unverzichtbaren Beitrag zur Gesundheit der Schweizer Bev\u00f6lkerung und zum Erfolg der Unternehmen.<\/li>\n<\/ul>\n<p><span style=\"color: #33598e;\">Unsere Mission<\/span><\/p>\n<ul>\n<li>der Schutz der Arbeitnehmenden vor arbeitsbedingten Gef\u00e4hrdungen<\/li>\n<li>ein Beitrag zum Erfolg unserer Kunden<\/li>\n<li>die F\u00f6rderung der Arbeitsmedizin in der Schweiz<\/li>\n<li>die Wahrung gemeinsamer Interessen unserer Mitglieder<\/li>\n<li>die Unterst\u00fctzung standespolitischer Anliegen<\/li>\n<\/ul>\n<p>Die SGARM st\u00e4rkt alle Aktivit\u00e4ten zur F\u00f6rderung einer sinnvollen und die Gesundheit nicht beeintr\u00e4chtigenden Arbeit. Sie setzt sich f\u00fcr die Schaffung von guten Arbeitsbedingungen ein und f\u00f6rdert den Einbezug aller in den Erwerbsprozess.<\/p>","protected":false},"excerpt":{"rendered":"<p>Gesunde Mitarbeitende in erfolgreichen Unternehmen Unsere Vision Die SGARM ist der bedeutendste Partner f\u00fcr Arbeit und Gesundheit in der Schweiz. Unser Leitbild Die Arbeitsmedizin unterst\u00fctzt Arbeitnehmer und Arbeitgeber bei allen gesundheitlichen Themen in einer sich wandelnden Arbeitswelt. Die Arbeitsmedizin bietet &hellip; <a href=\"https:\/\/sgarm.ch\/wordpress\/\">Weiterlesen <span class=\"meta-nav\">&rarr;<\/span><\/a><\/p>\n","protected":false},"author":1,"featured_media":0,"parent":0,"menu_order":1,"comment_status":"closed","ping_status":"closed","template":"","meta":[],"_links":{"self":[{"href":"https:\/\/sgarm.ch\/wordpress\/index.php?rest_route=\/wp\/v2\/pages\/15"}],"collection":[{"href":"https:\/\/sgarm.ch\/wordpress\/index.php?rest_route=\/wp\/v2\/pages"}],"about":[{"href":"https:\/\/sgarm.ch\/wordpress\/index.php?rest_route=\/wp\/v2\/types\/page"}],"author":[{"embeddable":true,"href":"https:\/\/sgarm.ch\/wordpress\/index.php?rest_route=\/wp\/v2\/users\/1"}],"replies":[{"embeddable":true,"href":"https:\/\/sgarm.ch\/wordpress\/index.php?rest_route=%2Fwp%2Fv2%2Fcomments&post=15"}],"version-history":[{"count":65,"href":"https:\/\/sgarm.ch\/wordpress\/index.php?rest_route=\/wp\/v2\/pages\/15\/revisions"}],"predecessor-version":[{"id":6453,"href":"https:\/\/sgarm.ch\/wordpress\/index.php?rest_route=\/wp\/v2\/pages\/15\/revisions\/6453"}],"wp:attachment":[{"href":"https:\/\/sgarm.ch\/wordpress\/index.php?rest_route=%2Fwp%2Fv2%2Fmedia&parent=15"}],"curies":[{"name":"wp","href":"https:\/\/api.w.org\/{rel}","templated":true}]}}