{"id":191,"date":"2013-05-09T12:28:39","date_gmt":"2013-05-09T10:28:39","guid":{"rendered":"http:\/\/wendling.ch\/wordpress\/?page_id=191"},"modified":"2025-04-02T09:14:06","modified_gmt":"2025-04-02T07:14:06","slug":"vorstand","status":"publish","type":"page","link":"https:\/\/sgarm.ch\/wordpress\/?page_id=191","title":{"rendered":"Vorstand"},"content":{"rendered":"<p><\/p>\n<ul>\n<li>Co-Pr\u00e4sidentin : Dr. Barbara Schindler, Basel<\/li>\n<li>Co-Pr\u00e4sident: Dr. Klaus Stadtm\u00fcller, Luzern<\/li>\n<li>Kassier:\u00a0 Dr. J\u00fcrg Wendling, Biel<\/li>\n<li>Dr. Bruno Combebias, Gryon<\/li>\n<li>Prof. Holger Dressel, Z\u00fcrich<\/li>\n<li>Dr. Philipp Habegger, Luzern<\/li>\n<li>Dr. Samuel Iff, Bern<\/li>\n<li>Dr. Stefan Jeggli, Freienstein<\/li>\n<li>Dr. Veronica Turcu, Lausanne<\/li>\n<\/ul>\n<p>&nbsp;<\/p>","protected":false},"excerpt":{"rendered":"<p>Co-Pr\u00e4sidentin : Dr. Barbara Schindler, Basel Co-Pr\u00e4sident: Dr. Klaus Stadtm\u00fcller, Luzern Kassier:\u00a0 Dr. J\u00fcrg Wendling, Biel Dr. Bruno Combebias, Gryon Prof. Holger Dressel, Z\u00fcrich Dr. Philipp Habegger, Luzern Dr. Samuel Iff, Bern Dr. Stefan Jeggli, Freienstein Dr. Veronica Turcu, Lausanne &hellip; <a href=\"https:\/\/sgarm.ch\/wordpress\/?page_id=191\">Weiterlesen <span class=\"meta-nav\">&rarr;<\/span><\/a><\/p>\n","protected":false},"author":1,"featured_media":0,"parent":186,"menu_order":3,"comment_status":"closed","ping_status":"closed","template":"","meta":[],"_links":{"self":[{"href":"https:\/\/sgarm.ch\/wordpress\/index.php?rest_route=\/wp\/v2\/pages\/191"}],"collection":[{"href":"https:\/\/sgarm.ch\/wordpress\/index.php?rest_route=\/wp\/v2\/pages"}],"about":[{"href":"https:\/\/sgarm.ch\/wordpress\/index.php?rest_route=\/wp\/v2\/types\/page"}],"author":[{"embeddable":true,"href":"https:\/\/sgarm.ch\/wordpress\/index.php?rest_route=\/wp\/v2\/users\/1"}],"replies":[{"embeddable":true,"href":"https:\/\/sgarm.ch\/wordpress\/index.php?rest_route=%2Fwp%2Fv2%2Fcomments&post=191"}],"version-history":[{"count":33,"href":"https:\/\/sgarm.ch\/wordpress\/index.php?rest_route=\/wp\/v2\/pages\/191\/revisions"}],"predecessor-version":[{"id":6527,"href":"https:\/\/sgarm.ch\/wordpress\/index.php?rest_route=\/wp\/v2\/pages\/191\/revisions\/6527"}],"up":[{"embeddable":true,"href":"https:\/\/sgarm.ch\/wordpress\/index.php?rest_route=\/wp\/v2\/pages\/186"}],"wp:attachment":[{"href":"https:\/\/sgarm.ch\/wordpress\/index.php?rest_route=%2Fwp%2Fv2%2Fmedia&parent=191"}],"curies":[{"name":"wp","href":"https:\/\/api.w.org\/{rel}","templated":true}]}}