{"id":258,"date":"2013-05-09T16:31:04","date_gmt":"2013-05-09T14:31:04","guid":{"rendered":"http:\/\/wendling.ch\/wordpress\/?page_id=258"},"modified":"2025-06-12T16:45:32","modified_gmt":"2025-06-12T14:45:32","slug":"fortbildungsnachweis","status":"publish","type":"page","link":"https:\/\/sgarm.ch\/wordpress\/?page_id=258&lang=fr","title":{"rendered":"FAQ  formation continue"},"content":{"rendered":"<p><\/p>\n<ul>\n<li><span style=\"text-decoration: underline; color: #808080;\"><strong>Informations g\u00e9n\u00e9rales de l&rsquo;ISFM concernant le devoir de formation continue<\/strong><\/span>\n<ul>\n<li><a href=\"https:\/\/siwf.ch\/fr\/_service\/faq.cfm\" target=\"_blank\" rel=\"noopener noreferrer\">FAQ ISFM<\/a><\/li>\n<li><a style=\"color: #ff4b33;\" href=\"https:\/\/sgarm.ch\/wordpress\/wp-content\/uploads\/2013\/05\/art_fb_update_fb_diplom_f.pdf\" target=\"_blank\" rel=\"noopener\">Pourquoi ai-je besoin d&rsquo;un dipl\u00f4me de formation continue<\/a><a href=\"https:\/\/www.siwf.ch\/fr\/_service\/faq.cfm\" target=\"_blank\" rel=\"noopener noreferrer\">\u00a0(PDF)<\/a><\/li>\n<\/ul>\n<\/li>\n<\/ul>\n<hr \/>\n<ul>\n<li><strong>Covid-19: R\u00e9duction du devoir de formation continue pour 2020<\/strong><br \/>\n<span lang=\"FR-CH\">En raison de l\u2019annulation en s\u00e9rie de congr\u00e8s et de sessions de formation continue, la direction de l\u2019ISFM a d\u00e9cid\u00e9 en avril dernier, apr\u00e8s avoir consult\u00e9 les soci\u00e9t\u00e9s de discipline m\u00e9dicale, de diviser par deux (de 50 \u00e0 25) le nombre de cr\u00e9dits exig\u00e9s pour 2020. \u00c9tant donn\u00e9 que la situation se d\u00e9grade de nouveau apr\u00e8s la phase estivale moins tendue et que cela ne s\u2019am\u00e9liorera vraisemblablement plus d\u2019ici la fin de l\u2019ann\u00e9e, <\/span><span lang=\"FR-CH\">les utilisateurs de la plateforme de formation continue de l\u2019ISFM b\u00e9n\u00e9ficient d&rsquo;un \u00ab cr\u00e9dit COVID \u00bb suppl\u00e9mentaire \u00e0 hauteur de dix cr\u00e9dits qui a \u00e9t\u00e9 inscrit dans leur protocole individuel.\u00a0<\/span><\/li>\n<\/ul>\n<hr \/>\n<ul>\n<li><strong><span style=\"color: #808080;\">Informations concernant la demande d&rsquo;octroi du dipl\u00f4me:<\/span><\/strong>\n<ul>\n<li><span style=\"color: #ff0000;\"><span style=\"color: #000000;\">Les membres sont pri\u00e9s de saisir la formation continue suivie directement sur la <\/span> <strong><a href=\"https:\/\/www.siwf.ch\/fr\/formation-continue\/plate-forme-formation-continue.cfm\" target=\"_blank\" rel=\"noopener\">plate-forme de formation continue de l&rsquo;ISFM<\/a> <\/strong><\/span> et de demander l&rsquo;octroi du dipl\u00f4me par voie \u00e9lectronique \u00e0 la fin de la p\u00e9riode de formation.<br \/>\n&#8211; <a href=\"https:\/\/login.fmh.ch\/Account\/Login?ReturnUrl=%2Fconnect%2Fauthorize%2Fcallback%3Fclient_id%3DFBP%26redirect_uri%3Dhttps%253A%252F%252Ffbp.siwf.ch%252Fsignin-oidc%26response_type%3Dcode%26scope%3Dopenid%26code_challenge%3DwW9G-o9br_1YGC9D6z4xCHMXMlDj3vgsxXH__umqDDs%26code_challenge_method%3DS256%26response_mode%3Dform_post%26nonce%3D638851580886278134.ZGRhODBkOTktYjBkMi00MmVkLWFjM2YtOTE1YWU5M2FmZWJiZmJjNzM5YzQtMTExNS00OTFiLTlmMmUtY2FkMzVjMzM5MmRh%26state%3DCfDJ8JAXeQPdA2BCjZqHJ3YjSEUv6r7JmveCYsmXr1tZCwTiKAefcOGzY193FEWqlEoa4Pr_QCKTUo_ruuR8SQUbgICX7G5iESOY8H-MYFKsCtR5V77p070roJH9DLieyrFOBvUbCaG63cN9wunq3Gfb7mm6XMAei0dqDhLe9uGKE2XsVlT0wAa4F46AY5TUqE8h2WaEIvRPJ-rQsD_n_pk_N4TQ9PTcc9t3J38sUinppGMLsBVONxilI775ZW2g4-hqDyYVFtRl1KpXydBi64QA4HKAr8l-IM57gxdn5uOuKmivxfoWx-LT4_fBFUr2Q6Xu8DQQKeQBi4y5-x7rC6IQQUdODt6DDIAv5tSajWEsT95B%26x-client-SKU%3DID_NET8_0%26x-client-ver%3D8.4.0.0\" target=\"_blank\" rel=\"noopener\">Login plate-forme de formation continue<\/a><br \/>\n&#8211; <a href=\"https:\/\/www.siwf.ch\/files\/pdf18\/anleitung_aerzte_f.pdf\" target=\"_blank\" rel=\"noopener\">Instructions pour m\u00e9decins<\/a><\/li>\n<li><strong>Frais : <\/strong>pour les membres de la SSMT, le dipl\u00f4me est compris dans la cotisation de membre (la FMH facture CHF 200.- \u00e0 la SSMT pour chaque dipl\u00f4me octroy\u00e9 sur la plate-forme).<\/li>\n<li><a href=\"https:\/\/sgarm.ch\/wordpress\/wp-content\/uploads\/2013\/12\/fbp_arbeitsmedizin_f.pdf\">Programme de formation continue<\/a>\u00a0selon les dispositions de la R\u00e9glementation pour la formation continue (RFC).<\/li>\n<\/ul>\n<\/li>\n<\/ul>\n<ul>\n<li style=\"list-style-type: none;\"><\/li>\n<\/ul>\n<ul>\n<li style=\"list-style-type: none;\"><\/li>\n<\/ul>\n<p><\/p>","protected":false},"excerpt":{"rendered":"<p>Informations g\u00e9n\u00e9rales de l&rsquo;ISFM concernant le devoir de formation continue FAQ ISFM Pourquoi ai-je besoin d&rsquo;un dipl\u00f4me de formation continue\u00a0(PDF) Covid-19: R\u00e9duction du devoir de formation continue pour 2020 En raison de l\u2019annulation en s\u00e9rie de congr\u00e8s et de sessions &hellip; <a href=\"https:\/\/sgarm.ch\/wordpress\/?page_id=258&#038;lang=fr\">Continuer la lecture <span class=\"meta-nav\">&rarr;<\/span><\/a><\/p>\n","protected":false},"author":1,"featured_media":0,"parent":59,"menu_order":3,"comment_status":"closed","ping_status":"closed","template":"","meta":[],"_links":{"self":[{"href":"https:\/\/sgarm.ch\/wordpress\/index.php?rest_route=\/wp\/v2\/pages\/258"}],"collection":[{"href":"https:\/\/sgarm.ch\/wordpress\/index.php?rest_route=\/wp\/v2\/pages"}],"about":[{"href":"https:\/\/sgarm.ch\/wordpress\/index.php?rest_route=\/wp\/v2\/types\/page"}],"author":[{"embeddable":true,"href":"https:\/\/sgarm.ch\/wordpress\/index.php?rest_route=\/wp\/v2\/users\/1"}],"replies":[{"embeddable":true,"href":"https:\/\/sgarm.ch\/wordpress\/index.php?rest_route=%2Fwp%2Fv2%2Fcomments&post=258"}],"version-history":[{"count":141,"href":"https:\/\/sgarm.ch\/wordpress\/index.php?rest_route=\/wp\/v2\/pages\/258\/revisions"}],"predecessor-version":[{"id":6655,"href":"https:\/\/sgarm.ch\/wordpress\/index.php?rest_route=\/wp\/v2\/pages\/258\/revisions\/6655"}],"up":[{"embeddable":true,"href":"https:\/\/sgarm.ch\/wordpress\/index.php?rest_route=\/wp\/v2\/pages\/59"}],"wp:attachment":[{"href":"https:\/\/sgarm.ch\/wordpress\/index.php?rest_route=%2Fwp%2Fv2%2Fmedia&parent=258"}],"curies":[{"name":"wp","href":"https:\/\/api.w.org\/{rel}","templated":true}]}}