{"id":2939,"date":"2017-12-01T10:56:24","date_gmt":"2017-12-01T09:56:24","guid":{"rendered":"http:\/\/sgarm.ch\/wordpress\/?page_id=2939"},"modified":"2023-11-06T16:18:03","modified_gmt":"2023-11-06T15:18:03","slug":"mutterschutz","status":"publish","type":"page","link":"https:\/\/sgarm.ch\/wordpress\/?page_id=2939&lang=fr","title":{"rendered":"Protection de la maternit\u00e9"},"content":{"rendered":"<p><span style=\"color: #33598e;\"><strong>Evaluation de l&rsquo;\u00e9tat de sant\u00e9 de la femme enceinte qui travaille<\/strong><\/span><\/p>\n<p>Conform\u00e9ment \u00e0 l&rsquo;ordonnance sur la protection de la maternit\u00e9 (<a href=\"https:\/\/www.admin.ch\/opc\/fr\/classified-compilation\/20002241\/index.html#a2\" target=\"_blank\" rel=\"noopener\">article 2)<\/a>, c&rsquo;est le m\u00e9decin qui assure le suivi de la femme enceinte ou qui allaite qui \u00e9value son \u00e9tat de sant\u00e9 et d\u00e9cide si elle est apte, inapte ou en incapacit\u00e9 de travailler.<\/p>\n<p>Le m\u00e9decin tient compte des \u00e9l\u00e9ments suivants pour rendre son avis\u00a0:<br \/>\nl&rsquo;entretien avec la femme qui travaille,<br \/>\nl&rsquo;examen m\u00e9dical de cette derni\u00e8re,<br \/>\nles r\u00e9sultats de l&rsquo;analyse de risques r\u00e9alis\u00e9e pour l&rsquo;entreprise par un un m\u00e9decin du travail ou un hygi\u00e9niste (voire un ergonome pour certains risques),<br \/>\nles \u00e9ventuelles informations suppl\u00e9mentaires recueillies lors d&rsquo;un entretien avec l&rsquo;auteur de l&rsquo;analyse de risques ou avec l&#8217;employeur.<\/p>\n<p>En effet une femme enceinte ou une m\u00e8re qui allaite ne doit pas travailler dans une entreprise qui pr\u00e9sente un danger\u00a0: ces dangers sont list\u00e9s par l&rsquo;ordonnance sur la protection de la maternit\u00e9\u00a0:<\/p>\n<ul>\n<li>d\u00e9placement de charges lourdes,<\/li>\n<li>travail: froid &#8211; chaleur \u2013 humidit\u00e9,<\/li>\n<li>mouvements et postures engendrant une fatigue pr\u00e9coce,<\/li>\n<li>microorganismes,<\/li>\n<li>bruit,<\/li>\n<li>radiations ionisantes,<\/li>\n<li>substances chimiques dangereuses,<\/li>\n<li>syst\u00e8mes d\u2019organisation du temps de travail tr\u00e8s contraignants,<\/li>\n<li>travail \u00e0 la pi\u00e8ce et travail cadenc\u00e9,<\/li>\n<li>interdiction de travailler dans des locaux en surpression ou avec atmopsh\u00e8re appauvrie en oxyg\u00e8ne.<\/li>\n<\/ul>\n<p>Afin de faciliter la t\u00e2che des employeurs, le SECO met \u00e0 disposition cet <a href=\"https:\/\/www.seco.admin.ch\/seco\/fr\/home\/Publikationen_Dienstleistungen\/Publikationen_und_Formulare\/Arbeit\/Arbeitsbedingungen\/Merkblatter_und_Checklisten\/checkliste-mutterschutz-am-arbeitsplatz.html\" target=\"_blank\" rel=\"noopener\">auto-contr\u00f4le <\/a>qui permet au chef d&rsquo;entreprise de savoir si une analyse de risques par un m\u00e9decin du travail ou hygi\u00e9niste est requise, ainsi qu&rsquo;un tableau de synth\u00e8se \u00e0 propos des conditions de travail \u00e0 observer durant la grossesse et l&rsquo;allaitement.<\/p>\n<p>Si des risques au poste de travail sont effectivement pr\u00e9sents, n&rsquo;ont pas \u00e9t\u00e9 \u00e9valu\u00e9s et le poste de travail n&rsquo;a pas \u00e9t\u00e9 am\u00e9nag\u00e9, alors le m\u00e9decin qui assure le suivi pourra conclure \u00e0 une incapacit\u00e9 de travail (<a href=\"https:\/\/www.admin.ch\/opc\/fr\/classified-compilation\/20002241\/index.html#a3\" target=\"_blank\" rel=\"noopener\">article 3<\/a>)<br \/>\nLe SECO met \u00e0 diposition des m\u00e9decins un <a href=\"http:\/\/Das SECO stellt den \u00c4rzten ein \u00e4rztliches Attest zur Verf\u00fcgung.\" target=\"_blank\" rel=\"noopener\">certificat m\u00e9dical.<\/a><br \/>\nCette incapacit\u00e9 \u00e9tant prononc\u00e9e en raison du d\u00e9faut d&rsquo;am\u00e9nagement de poste de travail, de plus en plus d&rsquo;assurances perte de gains refusent la prise en charge de cet arr\u00eat de travail, l&rsquo;indemnisation de la femme enceinte incombe alors \u00e0 l&#8217;employeur.<\/p>","protected":false},"excerpt":{"rendered":"<p>Evaluation de l&rsquo;\u00e9tat de sant\u00e9 de la femme enceinte qui travaille Conform\u00e9ment \u00e0 l&rsquo;ordonnance sur la protection de la maternit\u00e9 (article 2), c&rsquo;est le m\u00e9decin qui assure le suivi de la femme enceinte ou qui allaite qui \u00e9value son \u00e9tat &hellip; <a href=\"https:\/\/sgarm.ch\/wordpress\/?page_id=2939&#038;lang=fr\">Continuer la lecture <span class=\"meta-nav\">&rarr;<\/span><\/a><\/p>\n","protected":false},"author":1,"featured_media":0,"parent":428,"menu_order":6,"comment_status":"closed","ping_status":"open","template":"","meta":[],"_links":{"self":[{"href":"https:\/\/sgarm.ch\/wordpress\/index.php?rest_route=\/wp\/v2\/pages\/2939"}],"collection":[{"href":"https:\/\/sgarm.ch\/wordpress\/index.php?rest_route=\/wp\/v2\/pages"}],"about":[{"href":"https:\/\/sgarm.ch\/wordpress\/index.php?rest_route=\/wp\/v2\/types\/page"}],"author":[{"embeddable":true,"href":"https:\/\/sgarm.ch\/wordpress\/index.php?rest_route=\/wp\/v2\/users\/1"}],"replies":[{"embeddable":true,"href":"https:\/\/sgarm.ch\/wordpress\/index.php?rest_route=%2Fwp%2Fv2%2Fcomments&post=2939"}],"version-history":[{"count":21,"href":"https:\/\/sgarm.ch\/wordpress\/index.php?rest_route=\/wp\/v2\/pages\/2939\/revisions"}],"predecessor-version":[{"id":5992,"href":"https:\/\/sgarm.ch\/wordpress\/index.php?rest_route=\/wp\/v2\/pages\/2939\/revisions\/5992"}],"up":[{"embeddable":true,"href":"https:\/\/sgarm.ch\/wordpress\/index.php?rest_route=\/wp\/v2\/pages\/428"}],"wp:attachment":[{"href":"https:\/\/sgarm.ch\/wordpress\/index.php?rest_route=%2Fwp%2Fv2%2Fmedia&parent=2939"}],"curies":[{"name":"wp","href":"https:\/\/api.w.org\/{rel}","templated":true}]}}