{"id":477,"date":"2013-08-25T10:18:58","date_gmt":"2013-08-25T08:18:58","guid":{"rendered":"http:\/\/wendling.ch\/wordpress\/?page_id=477"},"modified":"2021-07-28T08:38:54","modified_gmt":"2021-07-28T06:38:54","slug":"nicht-spez-veranstaltungen","status":"publish","type":"page","link":"https:\/\/sgarm.ch\/wordpress\/?page_id=477","title":{"rendered":"Andere Kurse"},"content":{"rendered":"<p><\/p>\n<table border=\"0\" width=\"750\" cellspacing=\"0\" cellpadding=\"0\">\n<tbody>\n<tr>\n<td width=\"438\"><strong>Berufliche Weiter- und Fortbildungen<\/strong><\/p>\n<p><strong> Formations postgradu\u00e9es et continues<\/strong><\/td>\n<td width=\"108\"><strong>Ort \/<br \/>\nLieu<\/strong><\/td>\n<td width=\"94\"><strong>Datum \/<br \/>\nDate<\/strong><\/td>\n<td width=\"100\"><strong>Kontakt\/<br \/>\nInfo<\/strong><\/td>\n<td width=\"10\"><strong>\u00a0<\/strong><\/td>\n<\/tr>\n<tr>\n<td colspan=\"5\" width=\"750\"><\/td>\n<\/tr>\n<tr>\n<td colspan=\"5\" width=\"750\"><\/td>\n<\/tr>\n<tr>\n<td width=\"438\">MAS Sant\u00e9 Publique<\/td>\n<td width=\"108\">Universit\u00e9 Gen\u00e8ve<\/td>\n<td width=\"94\"><\/td>\n<td width=\"100\"><a href=\"http:\/\/www.unige.ch\/formcont\/santepublique\/\" target=\"_blank\" rel=\"noopener noreferrer\">Information<\/a><\/td>\n<td width=\"10\"><\/td>\n<\/tr>\n<tr>\n<td colspan=\"5\" width=\"750\"><\/td>\n<\/tr>\n<tr>\n<td width=\"438\">Modulangebot Weiterbilungsstudiengang Public Health<\/td>\n<td width=\"108\">Basel\/Bern\/Z\u00fcrich<\/td>\n<td width=\"94\"><\/td>\n<td width=\"100\"><a href=\"https:\/\/www.public-health-edu.ch\/modulangebot\" target=\"_blank\" rel=\"noopener noreferrer\">Information<\/a><\/td>\n<td width=\"10\"><\/td>\n<\/tr>\n<tr>\n<td colspan=\"5\" width=\"750\"><\/td>\n<\/tr>\n<tr>\n<td width=\"438\">MAS \/ DAS \/ CAS en droit de la sant\u00e9<\/td>\n<td width=\"108\">Universit\u00e9 Neuch\u00e2tel<\/td>\n<td width=\"94\"><\/td>\n<td width=\"100\"><a href=\"https:\/\/www.unine.ch\/ids\" target=\"_blank\" rel=\"noopener noreferrer\">Information<\/a><\/td>\n<td width=\"10\"><\/td>\n<\/tr>\n<tr>\n<td colspan=\"5\" width=\"750\"><\/td>\n<\/tr>\n<tr>\n<td valign=\"top\" width=\"438\">MAS \/\u00a0 CAS\u00a0 Programm<\/td>\n<td width=\"108\">Hochschule Luzern<\/td>\n<td width=\"94\"><\/td>\n<td width=\"100\"><a href=\"https:\/\/www.hslu.ch\/de-ch\/soziale-arbeit\/weiterbildung\/themen\/\" target=\"_blank\" rel=\"noopener noreferrer\">Information<\/a><\/td>\n<td width=\"10\"><\/td>\n<\/tr>\n<tr>\n<td colspan=\"5\" width=\"750\"><\/td>\n<\/tr>\n<tr>\n<td width=\"438\"><\/td>\n<td width=\"108\"><\/td>\n<td width=\"94\"><\/td>\n<td width=\"100\"><\/td>\n<td width=\"10\"><\/td>\n<\/tr>\n<tr>\n<td colspan=\"5\" width=\"750\"><\/td>\n<\/tr>\n<tr>\n<td width=\"438\"><\/td>\n<td width=\"108\"><\/td>\n<td width=\"94\"><\/td>\n<td width=\"100\"><\/td>\n<td width=\"10\"><\/td>\n<\/tr>\n<tr>\n<td colspan=\"5\" width=\"750\"><\/td>\n<\/tr>\n<tr>\n<td width=\"438\"><\/td>\n<td width=\"108\"><\/td>\n<td width=\"94\"><\/td>\n<td width=\"100\"><\/td>\n<td width=\"10\"><\/td>\n<\/tr>\n<tr>\n<td colspan=\"5\" width=\"750\"><\/td>\n<\/tr>\n<tr>\n<td width=\"438\"><\/td>\n<td width=\"108\"><\/td>\n<td width=\"94\"><\/td>\n<td width=\"100\"><\/td>\n<td width=\"10\"><\/td>\n<\/tr>\n<tr>\n<td colspan=\"5\" width=\"750\"><\/td>\n<\/tr>\n<tr>\n<td width=\"438\"><\/td>\n<td width=\"108\"><\/td>\n<td width=\"94\"><\/td>\n<td width=\"100\"><\/td>\n<td width=\"10\"><\/td>\n<\/tr>\n<tr>\n<td colspan=\"5\" width=\"750\"><\/td>\n<\/tr>\n<tr>\n<td valign=\"top\" width=\"438\"><\/td>\n<td valign=\"top\" width=\"108\"><\/td>\n<td valign=\"top\" width=\"94\"><\/td>\n<td valign=\"top\" width=\"100\"><\/td>\n<td valign=\"top\" width=\"10\"><\/td>\n<\/tr>\n<tr>\n<td colspan=\"5\" width=\"750\"><\/td>\n<\/tr>\n<tr>\n<td colspan=\"5\" width=\"750\"><\/td>\n<\/tr>\n<tr>\n<td width=\"438\"><strong>Veranstaltungen \/ Manifestations<\/strong><\/td>\n<td width=\"108\"><strong>Ort \/<br \/>\nLieu<\/strong><\/td>\n<td width=\"94\"><strong>Datum \/<br \/>\nDate<\/strong><\/td>\n<td width=\"100\"><strong>Kontakt\/<br \/>\nInfo<\/strong><\/td>\n<td width=\"10\"><\/td>\n<\/tr>\n<tr>\n<td colspan=\"5\" width=\"750\"><\/td>\n<\/tr>\n<tr>\n<td width=\"438\"><\/td>\n<td width=\"108\"><\/td>\n<td width=\"94\"><\/td>\n<td width=\"100\"><\/td>\n<td width=\"10\"><\/td>\n<\/tr>\n<tr>\n<td colspan=\"5\" width=\"750\"><\/td>\n<\/tr>\n<tr>\n<td width=\"438\">Forum f\u00fcr medizinische Fortbildung: Update-Refresher<\/td>\n<td width=\"108\">\u00a0Z\u00fcrich, Technopark<\/td>\n<td width=\"94\">diverse<\/td>\n<td width=\"100\"><a href=\"http:\/\/www.fomf.ch\/de_CH\/home?gclid=CjwKCAiA9qHhBRB2EiwA7poaeAONi5-IONCdM43zis9hpYbavqyZVw24sAsuHACSDCLoTrNR7rfUCRoCs9AQAvD_BwE\" target=\"_blank\" rel=\"noopener noreferrer\">Programm<\/a><br \/>\n<a href=\"http:\/\/www.fomf.ch\/de_CH\/kontakt\" target=\"_blank\" rel=\"noopener noreferrer\">Kontakt<\/a><\/td>\n<td width=\"10\"><\/td>\n<\/tr>\n<tr>\n<td colspan=\"5\" width=\"750\"><\/td>\n<\/tr>\n<tr>\n<td width=\"438\">Fachtagungen \/ Kongresse Hoschule Luzern<\/td>\n<td width=\"108\">Luzern<\/td>\n<td width=\"94\">diverse<\/td>\n<td width=\"100\"><a href=\"https:\/\/www.hslu.ch\/de-ch\/soziale-arbeit\/agenda\/fachtagungen-kongresse\/\" target=\"_blank\" rel=\"noopener noreferrer\">Information<\/a><\/td>\n<td width=\"10\"><\/td>\n<\/tr>\n<tr>\n<td colspan=\"5\" width=\"750\"><\/td>\n<\/tr>\n<tr>\n<td width=\"438\"><\/td>\n<td width=\"108\"><\/td>\n<td width=\"94\"><\/td>\n<td width=\"100\"><\/td>\n<td width=\"10\"><\/td>\n<\/tr>\n<tr>\n<td colspan=\"5\" width=\"750\"><\/td>\n<\/tr>\n<\/tbody>\n<\/table>\n<p><\/p>","protected":false},"excerpt":{"rendered":"<p>Berufliche Weiter- und Fortbildungen Formations postgradu\u00e9es et continues Ort \/ Lieu Datum \/ Date Kontakt\/ Info \u00a0 MAS Sant\u00e9 Publique Universit\u00e9 Gen\u00e8ve Information Modulangebot Weiterbilungsstudiengang Public Health Basel\/Bern\/Z\u00fcrich Information MAS \/ DAS \/ CAS en droit de la sant\u00e9 Universit\u00e9 &hellip; <a href=\"https:\/\/sgarm.ch\/wordpress\/?page_id=477\">Weiterlesen <span class=\"meta-nav\">&rarr;<\/span><\/a><\/p>\n","protected":false},"author":1,"featured_media":0,"parent":59,"menu_order":5,"comment_status":"closed","ping_status":"closed","template":"","meta":[],"_links":{"self":[{"href":"https:\/\/sgarm.ch\/wordpress\/index.php?rest_route=\/wp\/v2\/pages\/477"}],"collection":[{"href":"https:\/\/sgarm.ch\/wordpress\/index.php?rest_route=\/wp\/v2\/pages"}],"about":[{"href":"https:\/\/sgarm.ch\/wordpress\/index.php?rest_route=\/wp\/v2\/types\/page"}],"author":[{"embeddable":true,"href":"https:\/\/sgarm.ch\/wordpress\/index.php?rest_route=\/wp\/v2\/users\/1"}],"replies":[{"embeddable":true,"href":"https:\/\/sgarm.ch\/wordpress\/index.php?rest_route=%2Fwp%2Fv2%2Fcomments&post=477"}],"version-history":[{"count":32,"href":"https:\/\/sgarm.ch\/wordpress\/index.php?rest_route=\/wp\/v2\/pages\/477\/revisions"}],"predecessor-version":[{"id":4862,"href":"https:\/\/sgarm.ch\/wordpress\/index.php?rest_route=\/wp\/v2\/pages\/477\/revisions\/4862"}],"up":[{"embeddable":true,"href":"https:\/\/sgarm.ch\/wordpress\/index.php?rest_route=\/wp\/v2\/pages\/59"}],"wp:attachment":[{"href":"https:\/\/sgarm.ch\/wordpress\/index.php?rest_route=%2Fwp%2Fv2%2Fmedia&parent=477"}],"curies":[{"name":"wp","href":"https:\/\/api.w.org\/{rel}","templated":true}]}}