{"id":701,"date":"2014-01-08T14:18:06","date_gmt":"2014-01-08T13:18:06","guid":{"rendered":"http:\/\/sgarm.ch\/wordpress\/?page_id=701"},"modified":"2016-02-26T10:32:41","modified_gmt":"2016-02-26T09:32:41","slug":"psychische-gesundheit","status":"publish","type":"page","link":"https:\/\/sgarm.ch\/wordpress\/?page_id=701","title":{"rendered":"Psychische Gesundheit"},"content":{"rendered":"<p>Die Arbeitswelt hat sich rasant ver\u00e4ndert und die Arbeitsmedizin ist gefordert dem Wandel in der Arbeitswelt Rechnung zu tragen.<\/p>\n<p>K\u00f6rperlich stark belastende Arbeiten mit dem dazugeh\u00f6rigen erh\u00f6hten Gef\u00e4hrdungspotential haben sich deutlich verringert. Arbeitsmedizinische und technische Standards haben zu einer Reduktion von klassischen berufsbedingten Erkrankungen gef\u00fchrt.<br \/>\nIn den letzten Jahren sind bei den Langzeitabsenzen psychische Erkrankungen immer mehr in den Vordergrund ger\u00fcckt. Sie sind hinter muskuloskelet\u00e4ren Erkrankungen der zweith\u00e4ufigste Grund f\u00fcr Absenzen. 30% der IV-Bez\u00fcger sind psychisch Erkrankte.<\/p>\n<p>Generell spielt Arbeit eine wichtige Rolle bei der F\u00f6rderung und der Erhaltung der Gesundheit.<br \/>\nJedoch f\u00fchren Entwicklungen wie Arbeitsverdichtung mit den dazugeh\u00f6rigen erh\u00f6hten quantitativen und qualitativen Arbeitsanforderungen, Aufl\u00f6sung der Grenzen zwischen Arbeit und Freizeit, st\u00e4ndige Erreichbarkeit, Multitasking, st\u00e4ndige Unterbrechung der Arbeit, verschlankte Hierarchien, Standardisierung der Arbeitsabl\u00e4ufe und damit einhergehende Beschr\u00e4nkung der Entscheidungskompetenzen zu erh\u00f6hter psychischer Belastung.<\/p>\n<p>Die SECO Studie \u201e Die Kosten des Stresses in der Schweiz\u201c errechnete schon 2003 einen Betrag von 4,2 Mrd. SFR an j\u00e4hrlichen Kosten. Gem\u00e4ss einer weiteren SECO Studie von 2010 f\u00fchlen sich ein Drittel der Erwerbst\u00e4tigen h\u00e4ufig oder sehr h\u00e4ufig gestresst, eine Zunahme von 30% in den letzten 10 Jahren.<\/p>\n<p>Gleichzeitig reduzieren die modernen Arbeitsformen soziale Kontakte und k\u00f6nnen so zu sozialer Isolierung und Vereinsamung f\u00fchren. Depressionen h\u00e4ufen sich.<br \/>\nDie steigende Zahl von psychischen Erkrankungen, sowie der hohe Anteil der psychischen Erkrankungen bei den Langzeiterkrankungen stellt die Arbeitsmedizin vor neue Herausforderungen.<\/p>\n<p><span style=\"color: #333333;\">Arbeitsmediziner haben den Auftrag als Berater von Unternehmen, F\u00fchrungskr\u00e4ften und Mitarbeitern zu wirken. Als neutrale und an die Schweigepflicht gebundene Experten k\u00f6nnen sie Unterst\u00fctzung bieten und<\/span><\/p>\n<ul>\n<li>Analysen mit geeigneten Instrumenten durchf\u00fchren<\/li>\n<li>ein auf die Situation abgestimmtes Vorgehen gemeinsam mit den Verantwortlichen, den Mitarbeitern und anderen Experten der Reintegration psychisch Kranker in die Arbeitswelt erarbeiten.<\/li>\n<\/ul>\n<p>Sie nehmen eine Schl\u00fcsselstellung ein und k\u00f6nnen arbeitsmedizinische Empfehlung<b> <\/b>geben damit<\/p>\n<ul>\n<li>psychische Fehlbeanspruchungen im Betrieb fr\u00fchzeitig erkannt und verringert werden.<\/li>\n<li>Arbeitgeber und Besch\u00e4ftigte kompetent beraten werden um betriebliche Rahmenbedingungen zu optimieren.<\/li>\n<li>in den Betrieben, gest\u00fctzt auf eine Bedarfsanalyse, Massnahmen zur Erhaltung und F\u00f6rderung der psychischen Gesundheit umgesetzt werden k\u00f6nnen.<\/li>\n<li>die Reintegration nach Fehlzeiten aufgrund einer psychischen Erkrankung unterst\u00fctzt wird.<\/li>\n<\/ul>\n<p>Ergebnisse:<\/p>\n<ul>\n<li>Durch die Optimierung betrieblicher Rahmendbedingungen und in Folge der kompetenten Beratung von Arbeitgeber und Besch\u00e4ftigten werden psychische Fehlbeanspruchungen im Betrieb fr\u00fchzeitig erkannt und verringert.<\/li>\n<li>Individuelle und organisatorische Schutzfaktoren werden gest\u00e4rkt.<\/li>\n<\/ul>\n<p>Die SGARM ist Mitglied im Netzwerk Psychische Gesundheit <a href=\"http:\/\/www.npg-rsp.ch\" target=\"_blank\">http:\/\/www.npg-rsp.ch <\/a>und beim Verein <a href=\"http:\/\/www.stressnostress.ch\/\">stressnostress.ch.<\/a><\/p>\n<p>Der Pr\u00e4ventionsgedanke muss im Vordergrund der betrieblichen Massnahmen stehen, und die Ressourcen des Besch\u00e4ftigten gest\u00e4rkt werden.<br \/>\nEine gro\u00dfe Aufgabe in den kommenden Jahren wird sein, die Arbeitswelt so zu gestalten, dass sie auch den seelischen Bed\u00fcrfnissen der Besch\u00e4ftigten gerecht wird.<\/p>\n<p>Die SGARM wird ihren Beitrag dazu leisten.<\/p>","protected":false},"excerpt":{"rendered":"<p>Die Arbeitswelt hat sich rasant ver\u00e4ndert und die Arbeitsmedizin ist gefordert dem Wandel in der Arbeitswelt Rechnung zu tragen. K\u00f6rperlich stark belastende Arbeiten mit dem dazugeh\u00f6rigen erh\u00f6hten Gef\u00e4hrdungspotential haben sich deutlich verringert. Arbeitsmedizinische und technische Standards haben zu einer Reduktion &hellip; <a href=\"https:\/\/sgarm.ch\/wordpress\/?page_id=701\">Weiterlesen <span class=\"meta-nav\">&rarr;<\/span><\/a><\/p>\n","protected":false},"author":1,"featured_media":0,"parent":428,"menu_order":0,"comment_status":"closed","ping_status":"closed","template":"","meta":[],"_links":{"self":[{"href":"https:\/\/sgarm.ch\/wordpress\/index.php?rest_route=\/wp\/v2\/pages\/701"}],"collection":[{"href":"https:\/\/sgarm.ch\/wordpress\/index.php?rest_route=\/wp\/v2\/pages"}],"about":[{"href":"https:\/\/sgarm.ch\/wordpress\/index.php?rest_route=\/wp\/v2\/types\/page"}],"author":[{"embeddable":true,"href":"https:\/\/sgarm.ch\/wordpress\/index.php?rest_route=\/wp\/v2\/users\/1"}],"replies":[{"embeddable":true,"href":"https:\/\/sgarm.ch\/wordpress\/index.php?rest_route=%2Fwp%2Fv2%2Fcomments&post=701"}],"version-history":[{"count":15,"href":"https:\/\/sgarm.ch\/wordpress\/index.php?rest_route=\/wp\/v2\/pages\/701\/revisions"}],"predecessor-version":[{"id":2302,"href":"https:\/\/sgarm.ch\/wordpress\/index.php?rest_route=\/wp\/v2\/pages\/701\/revisions\/2302"}],"up":[{"embeddable":true,"href":"https:\/\/sgarm.ch\/wordpress\/index.php?rest_route=\/wp\/v2\/pages\/428"}],"wp:attachment":[{"href":"https:\/\/sgarm.ch\/wordpress\/index.php?rest_route=%2Fwp%2Fv2%2Fmedia&parent=701"}],"curies":[{"name":"wp","href":"https:\/\/api.w.org\/{rel}","templated":true}]}}