{"id":85,"date":"2012-12-19T11:15:48","date_gmt":"2012-12-19T10:15:48","guid":{"rendered":"http:\/\/wendling.ch\/wordpress\/?page_id=85"},"modified":"2016-04-15T09:35:18","modified_gmt":"2016-04-15T07:35:18","slug":"sgarm-fmh","status":"publish","type":"page","link":"https:\/\/sgarm.ch\/wordpress\/?page_id=85","title":{"rendered":"Links"},"content":{"rendered":"<p>Hier finden Sie Verbindungen zu Organisationen, Verb\u00e4nde und Insitutionen<\/p>\n<h2>Fachgesellschaften und Institutionen Schweiz<\/h2>\n<ul>\n<li><a href=\"http:\/\/www.komabc.ch\" target=\"_chlinks1\">Eidgen\u00f6ssische Kommission f\u00fcr ABC-Schutz (KomABC)<\/a><\/li>\n<li><a href=\"http:\/\/www.ekas.ch\" target=\"_chlinks2\">EKAS<\/a><\/li>\n<li><a href=\"http:\/\/www.osha-focalpoint.ch\" target=\"_chlinks3\">EU OSHA (Bilbao), Focal Point CH<\/a><\/li>\n<li><a href=\"http:\/\/www.escis.ch\" target=\"_chlinks4\">Expertenkommission f\u00fcr Sicherheit in der chemischen Industrie der Schweiz (ESCIS)<\/a><\/li>\n<li><a href=\"http:\/\/www.fmh.ch\" target=\"_chlinks5\">FMH<\/a><\/li>\n<li><a href=\"http:\/\/www.grmhst.ch\" target=\"_chlinks6\">Groupement Romand de M\u00e9decine, d&#8217;Hygi\u00e8ne et de S\u00e9curit\u00e9 au Travail (GRMHST)<\/a><\/li>\n<li><a href=\"http:\/\/www.iha.bepr.ethz.ch\" target=\"_chlinks7\">Institut f\u00fcr Hygiene und Arbeitsphysiologie der ETH<\/a><\/li>\n<li><a href=\"http:\/\/www.i-s-t.ch\" target=\"_chlinks8\">IST Lausanne<\/a><\/li>\n<li><a href=\"http:\/\/www.sgah.ch\" target=\"_chlinks9\">Schweizerische Gesellschaft f\u00fcr Arbeitshygiene (SGAH)<\/a><\/li>\n<li><a href=\"http:\/\/www.sgas.ch\" target=\"_chlinks10\">Schweizerische Gesellschaft f\u00fcr Arbeitssicherheit (SGAS)<\/a><\/li>\n<li><a href=\"http:\/\/www.swissergo.ch\" target=\"_chlinks11\">Schweizerische Gesellschaft f\u00fcr Ergonomie (SwissErgo)<\/a><\/li>\n<li><a href=\"http:\/\/www.vertrauensaerzte.ch\" target=\"_chlinks12\">Schweizerische Gesellschaft der Vertrauens\u00e4rzte (SGV)<\/a><\/li>\n<li><a href=\"http:\/\/www.fmh.ch\/bildung-siwf\/siwf.html\">Schweizerisches Institut f\u00fcr \u00e4rztliche Weiter- und Fortbildung (SIWF)<\/a><\/li>\n<li><a href=\"http:\/\/www.svbgf.ch\" target=\"_chlinks13\">Schweizerischer Verband f\u00fcr betriebliche Gesundheitsf\u00f6rderung (SVBGF)<\/a><\/li>\n<li><a href=\"http:\/\/www.seco.admin.ch\" target=\"_chlinks14\">Seco<\/a><\/li>\n<li><a href=\"http:\/\/www.seco.admin.ch\/psychosoziale-risiken\/index.html?lang=de\" target=\"_blank\">Seco &#8211; Psychosoziale Risiken<br \/>\n<\/a><\/li>\n<li><a href=\"http:\/\/www.stressnostress.ch\/\" target=\"_blank\">Stress no stress<\/a><\/li>\n<li><a href=\"http:\/\/www.suissepro.org\" target=\"_chlinks15\">Suissepro<\/a><\/li>\n<li><a href=\"http:\/\/www.suva.ch\" target=\"_chlinks16\">SUVA<\/a><\/li>\n<li><a href=\"http:\/\/www.sohf.ch\" target=\"_chlinks17\">Swiss Medical Society for Occupational Health in Health Care Facilities (SOHF)<\/a><\/li>\n<li><a href=\"http:\/\/www.service-arbeitszeit.ch\/\" target=\"_blank\">Service Arbeitszeit &#8211; Eine Dienstleistung der Gewerkschaft Unia<\/a><\/li>\n<\/ul>\n<h2>Fachgesellschaften und Institutionen Ausland<\/h2>\n<ul>\n<li><a href=\"http:\/\/www.asu-arbeitsmedizin.com\" target=\"_auilinks1\">Arbeitsmedizin Sozialmedizin Umweltmedizin (ASU)<\/a><\/li>\n<li><a href=\"http:\/\/www.acoem.org\" target=\"_auilinks2\">American College of Occupational and Environmental Medicine (ACOEM)<\/a><\/li>\n<li><a href=\"http:\/\/www.acgih.org\" target=\"_auilinks3\">American Conference of Governmental Industrial Hygienists (ACGIH)<\/a><\/li>\n<li><a href=\"http:\/\/www.aiha.org\" target=\"_auilinks4\">American Industrial Hygiene Association (AIHA)<\/a><\/li>\n<li><a href=\"http:\/\/www.bohs.org\" target=\"_auilinks5\">British Occupational Hygiene Society (BOHS)<\/a><\/li>\n<li><a href=\"http:\/\/www.baua.de\/\" target=\"_auilinks6\">Bundesanstalt f\u00fcr Arbeitsschutz und Arbeitsmedizin (BAuA)<\/a><\/li>\n<li><a href=\"http:\/\/www.dgaum.de\" target=\"_auilinks7\">Deutsche Gesellschaft f\u00fcr Arbeitsmedizin und Umweltmedizin e. V. (DGAUM)<\/a><\/li>\n<li><a href=\"http:\/\/osha.europa.eu\/OSHA\" target=\"_auilinks8\">Europ\u00e4ische Agentur f\u00fcr Sicherheit und Gesundheitsschutz am Arbeitsplatz (OSHA)<\/a><\/li>\n<li><a href=\"http:\/\/www.hvbg.de\/d\/pages\/index.html\" target=\"_auilinks9\">Hauptverband der gewerblichen Berufsgenossenschaften (HVBG)<\/a><\/li>\n<li><a href=\"http:\/\/www.hse.gov.uk\" target=\"_auilinks10\">Health and Safety Executive (HSE, UK)<\/a><\/li>\n<li><a href=\"http:\/\/www.inrs.fr\/\" target=\"_auilinks11\">Institut National de Recherche et de S\u00e9cruit\u00e9 (INRS)<\/a><\/li>\n<li><a href=\"http:\/\/www.ioha.com\/\" target=\"_auilinks12\">International Occupational Hygiene Association (IOHA)<\/a><\/li>\n<li><a href=\"http:\/\/www.kan.de\" target=\"_auilinks13\">Kommission Arbeitsschutz und Normung (KAN)<\/a><\/li>\n<li><a href=\"http:\/\/www.medichem.org\/\" target=\"_blank\">MEDICHEM<\/a><\/li>\n<li><a href=\"http:\/\/www.cdc.gov\/niosh\" target=\"_auilinks14\">National Institute for Occupational Safety and Health (NIOSH)<\/a><\/li>\n<li><a href=\"http:\/\/www.osha.gov\" target=\"_auilinks15\">Occupational Safety &#038; Health Administration<\/a><\/li>\n<\/ul>\n<h2>Datenbanken<\/h2>\n<ul>\n<li><a href=\"http:\/\/toxnet.nlm.nih.gov\/cgi-bin\/sis\/htmlgen?HSDB\" target=\"_COMlinks1\">Hazardous Substances Data Base (HSDB)<\/a><\/li>\n<li><a href=\"http:\/\/www.hvbg.de\/d\/bia\/gestis\/limit_values\/index.html\" target=\"_COMlinks2\">Internationale Grenzwerte f\u00fcr chemische Substanzen (GESTIS)<\/a><\/li>\n<li><a href=\"http:\/\/www.baua.de\/prax\/ags\/trgs900.htm\" target=\"_COMlinks3\">TRGS 900<\/a><\/li>\n<\/ul>\n<h2>Normen und Standards<\/h2>\n<p><\/p>","protected":false},"excerpt":{"rendered":"<p>Hier finden Sie Verbindungen zu Organisationen, Verb\u00e4nde und Insitutionen Fachgesellschaften und Institutionen Schweiz Eidgen\u00f6ssische Kommission f\u00fcr ABC-Schutz (KomABC) EKAS EU OSHA (Bilbao), Focal Point CH Expertenkommission f\u00fcr Sicherheit in der chemischen Industrie der Schweiz (ESCIS) FMH Groupement Romand de M\u00e9decine, &hellip; <a href=\"https:\/\/sgarm.ch\/wordpress\/?page_id=85\">Weiterlesen <span class=\"meta-nav\">&rarr;<\/span><\/a><\/p>\n","protected":false},"author":1,"featured_media":0,"parent":82,"menu_order":6,"comment_status":"closed","ping_status":"closed","template":"","meta":[],"_links":{"self":[{"href":"https:\/\/sgarm.ch\/wordpress\/index.php?rest_route=\/wp\/v2\/pages\/85"}],"collection":[{"href":"https:\/\/sgarm.ch\/wordpress\/index.php?rest_route=\/wp\/v2\/pages"}],"about":[{"href":"https:\/\/sgarm.ch\/wordpress\/index.php?rest_route=\/wp\/v2\/types\/page"}],"author":[{"embeddable":true,"href":"https:\/\/sgarm.ch\/wordpress\/index.php?rest_route=\/wp\/v2\/users\/1"}],"replies":[{"embeddable":true,"href":"https:\/\/sgarm.ch\/wordpress\/index.php?rest_route=%2Fwp%2Fv2%2Fcomments&post=85"}],"version-history":[{"count":13,"href":"https:\/\/sgarm.ch\/wordpress\/index.php?rest_route=\/wp\/v2\/pages\/85\/revisions"}],"predecessor-version":[{"id":2384,"href":"https:\/\/sgarm.ch\/wordpress\/index.php?rest_route=\/wp\/v2\/pages\/85\/revisions\/2384"}],"up":[{"embeddable":true,"href":"https:\/\/sgarm.ch\/wordpress\/index.php?rest_route=\/wp\/v2\/pages\/82"}],"wp:attachment":[{"href":"https:\/\/sgarm.ch\/wordpress\/index.php?rest_route=%2Fwp%2Fv2%2Fmedia&parent=85"}],"curies":[{"name":"wp","href":"https:\/\/api.w.org\/{rel}","templated":true}]}}